{"id":15931,"date":"2022-01-17T10:31:02","date_gmt":"2022-01-17T15:31:02","guid":{"rendered":"https:\/\/fertilitycentermexico.com\/?page_id=15931"},"modified":"2022-06-02T09:33:04","modified_gmt":"2022-06-02T14:33:04","slug":"podcast","status":"publish","type":"page","link":"https:\/\/fertilitycentermexico.com\/es\/podcast\/","title":{"rendered":"Podcast"},"content":{"rendered":"<p>[vc_row][vc_column][vc_column_text]<img loading=\"lazy\" decoding=\"async\" class=\"aligncenter wp-image-5176 size-full\" src=\"\/wp-content\/uploads\/2021\/12\/Banner-Advanced-Fertility-Center-Cancun-1024x267-1.png\" alt=\"\" width=\"1024\" height=\"267\" srcset=\"https:\/\/fertilitycentermexico.com\/wp-content\/uploads\/2021\/12\/Banner-Advanced-Fertility-Center-Cancun-1024x267-1.png 1024w, https:\/\/fertilitycentermexico.com\/wp-content\/uploads\/2021\/12\/Banner-Advanced-Fertility-Center-Cancun-1024x267-1-300x78.png 300w, https:\/\/fertilitycentermexico.com\/wp-content\/uploads\/2021\/12\/Banner-Advanced-Fertility-Center-Cancun-1024x267-1-768x200.png 768w, https:\/\/fertilitycentermexico.com\/wp-content\/uploads\/2021\/12\/Banner-Advanced-Fertility-Center-Cancun-1024x267-1-260x68.png 260w, https:\/\/fertilitycentermexico.com\/wp-content\/uploads\/2021\/12\/Banner-Advanced-Fertility-Center-Cancun-1024x267-1-50x13.png 50w, https:\/\/fertilitycentermexico.com\/wp-content\/uploads\/2021\/12\/Banner-Advanced-Fertility-Center-Cancun-1024x267-1-150x39.png 150w\" sizes=\"(max-width: 1024px) 100vw, 1024px\" \/><\/p>\n<p>&nbsp;<\/p>\n<h1>Podcast de fertilidad:<br \/>\n<strong>Fertilidad sin censura<\/strong><\/h1>\n<p>Nuestro podcast de fertilidad es un espacio especializado en donde podr\u00e1s encontrar temas relacionados con nutrici\u00f3n, fertilidad, tratamientos para la reproducci\u00f3n asistida, recomendaciones y muchas cosas m\u00e1s.<\/p>\n<p>A trav\u00e9s del formato de podcast, nuestros m\u00e9dicos especialistas te comparten su experiencia y conocimientos para que puedas aprender m\u00e1s del maravillosos mundo de la <strong>reproducci\u00f3n asistida<\/strong>.<br \/>\n[\/vc_column_text][vc_basic_grid post_type=\u00bbpodcast\u00bb max_items=\u00bb100&#8243; style=\u00bbload-more\u00bb items_per_page=\u00bb25&#8243; grid_id=\u00bbvc_gid:1654180275682-22b755c8-68ba-7&#8243;][\/vc_column][\/vc_row]<\/p>\n","protected":false},"excerpt":{"rendered":"<p>[vc_row][vc_column][vc_column_text] &nbsp; Podcast de fertilidad: Fertilidad sin censura Nuestro podcast de fertilidad es un espacio especializado en donde podr\u00e1s encontrar temas relacionados con nutrici\u00f3n, fertilidad, tratamientos<span class=\"excerpt-hellip\"> [\u2026]<\/span><\/p>\n","protected":false},"author":1,"featured_media":0,"parent":0,"menu_order":0,"comment_status":"closed","ping_status":"closed","template":"","meta":{"_joinchat":[],"footnotes":""},"_links":{"self":[{"href":"https:\/\/fertilitycentermexico.com\/es\/wp-json\/wp\/v2\/pages\/15931"}],"collection":[{"href":"https:\/\/fertilitycentermexico.com\/es\/wp-json\/wp\/v2\/pages"}],"about":[{"href":"https:\/\/fertilitycentermexico.com\/es\/wp-json\/wp\/v2\/types\/page"}],"author":[{"embeddable":true,"href":"https:\/\/fertilitycentermexico.com\/es\/wp-json\/wp\/v2\/users\/1"}],"replies":[{"embeddable":true,"href":"https:\/\/fertilitycentermexico.com\/es\/wp-json\/wp\/v2\/comments?post=15931"}],"version-history":[{"count":2,"href":"https:\/\/fertilitycentermexico.com\/es\/wp-json\/wp\/v2\/pages\/15931\/revisions"}],"predecessor-version":[{"id":16548,"href":"https:\/\/fertilitycentermexico.com\/es\/wp-json\/wp\/v2\/pages\/15931\/revisions\/16548"}],"wp:attachment":[{"href":"https:\/\/fertilitycentermexico.com\/es\/wp-json\/wp\/v2\/media?parent=15931"}],"curies":[{"name":"wp","href":"https:\/\/api.w.org\/{rel}","templated":true}]}}