{"id":17791,"date":"2023-08-30T18:48:57","date_gmt":"2023-08-30T23:48:57","guid":{"rendered":"https:\/\/fertilitycentermexico.com\/?page_id=17791"},"modified":"2023-10-03T17:41:05","modified_gmt":"2023-10-03T22:41:05","slug":"sorteo","status":"publish","type":"page","link":"https:\/\/fertilitycentermexico.com\/es\/sorteo\/","title":{"rendered":"Sorteo"},"content":{"rendered":"\t\t<div data-elementor-type=\"wp-page\" data-elementor-id=\"17791\" class=\"elementor elementor-17791\" data-elementor-post-type=\"page\">\n\t\t\t\t\t\t<section class=\"elementor-section elementor-top-section elementor-element elementor-element-5ed6243 elementor-section-boxed elementor-section-height-default elementor-section-height-default\" data-id=\"5ed6243\" data-element_type=\"section\">\n\t\t\t\t\t\t<div class=\"elementor-container elementor-column-gap-default\">\n\t\t\t\t\t<div class=\"elementor-column elementor-col-100 elementor-top-column elementor-element elementor-element-7265e8a\" data-id=\"7265e8a\" data-element_type=\"column\">\n\t\t\t<div class=\"elementor-widget-wrap elementor-element-populated\">\n\t\t\t\t\t\t<div class=\"elementor-element elementor-element-5c452db elementor-widget elementor-widget-image\" data-id=\"5c452db\" data-element_type=\"widget\" data-widget_type=\"image.default\">\n\t\t\t\t<div class=\"elementor-widget-container\">\n\t\t\t\t\t\t\t\t\t\t\t\t\t\t\t<img loading=\"lazy\" decoding=\"async\" width=\"1000\" height=\"773\" src=\"https:\/\/fertilitycentermexico.com\/wp-content\/uploads\/2023\/08\/givaway-SEP-AFCC-B.png\" class=\"attachment-full size-full wp-image-17863\" alt=\"\" srcset=\"https:\/\/fertilitycentermexico.com\/wp-content\/uploads\/2023\/08\/givaway-SEP-AFCC-B.png 1000w, https:\/\/fertilitycentermexico.com\/wp-content\/uploads\/2023\/08\/givaway-SEP-AFCC-B-300x232.png 300w, https:\/\/fertilitycentermexico.com\/wp-content\/uploads\/2023\/08\/givaway-SEP-AFCC-B-768x594.png 768w, https:\/\/fertilitycentermexico.com\/wp-content\/uploads\/2023\/08\/givaway-SEP-AFCC-B-189x146.png 189w, https:\/\/fertilitycentermexico.com\/wp-content\/uploads\/2023\/08\/givaway-SEP-AFCC-B-50x39.png 50w, https:\/\/fertilitycentermexico.com\/wp-content\/uploads\/2023\/08\/givaway-SEP-AFCC-B-97x75.png 97w\" sizes=\"(max-width: 1000px) 100vw, 1000px\" \/>\t\t\t\t\t\t\t\t\t\t\t\t\t\t\t<\/div>\n\t\t\t\t<\/div>\n\t\t\t\t<div class=\"elementor-element elementor-element-0333c1e elementor-widget elementor-widget-heading\" data-id=\"0333c1e\" data-element_type=\"widget\" data-widget_type=\"heading.default\">\n\t\t\t\t<div class=\"elementor-widget-container\">\n\t\t\t\t\t<h2 class=\"elementor-heading-title elementor-size-default\">BASES DEL SORTEO SEPTIEMBRE 2023<\/h2>\t\t\t\t<\/div>\n\t\t\t\t<\/div>\n\t\t\t\t<div class=\"elementor-element elementor-element-089f7ee elementor-widget elementor-widget-text-editor\" data-id=\"089f7ee\" data-element_type=\"widget\" data-widget_type=\"text-editor.default\">\n\t\t\t\t<div class=\"elementor-widget-container\">\n\t\t\t\t\t\t\t\t\t<p><strong>1.<\/strong> Participa comprando durante septiembre alguno de nuestros tratamientos de alta complejidad:<\/p><p><strong>a.<\/strong> Crio preservaci\u00f3n (congelaci\u00f3n de ovocitos) con medicamentos<\/p><p><strong>b.<\/strong> Mini \u2013 FIV con medicamentos<\/p><p><strong>c.<\/strong> FIV con medicamentos<\/p><p><strong>d.<\/strong> Doble acumulaci\u00f3n con medicamentos<\/p><p><strong>e.<\/strong> FIV con PGT-A con medicamentos<\/p><p><strong>f.<\/strong> Ovodonaci\u00f3n<\/p><p><strong>g.<\/strong> Ciclo de FIV con ovocitos vitrificados<\/p><p><strong>h.<\/strong> Adopci\u00f3n de embriones<\/p><p><strong>i.<\/strong> M\u00e9todo ROPA<\/p><p><strong>2.<\/strong> Deber\u00e1s pagar al menos el 30% del monto total del tratamiento durante el mes de septiembre<\/p><p><strong>3.<\/strong> \u00danicamente se considerar\u00e1n las pacientes que cuenten con contrato adecuadamente firmado por ambas partes<\/p><p><strong>a.<\/strong> Se identificar\u00e1 a los participantes por su NHC (que podr\u00e1n encontrar en su contrato firmado) y sus iniciales<\/p><p><strong>4.<\/strong> El sorteo se realizar\u00e1 a trav\u00e9s de un LIVE el d\u00eda 4 de octubre de 2023 a las 12:00 PM horario de Canc\u00fan.<\/p><p><strong>5. Premios <\/strong><\/p><p><strong>a.<\/strong> Al primer lugar &#8211; 2 boletos Xcaret Plus* con transportaci\u00f3n Canc\u00fan &#8211; Parque<\/p><p><strong>b.<\/strong> Al segundo lugar &#8211; 2 boletos Xoximilco con trasportaci\u00f3n Canc\u00fan &#8211; Parque<\/p><p><strong>c.<\/strong> Al tercer lugar &#8211; una cena para dos personas en \u201cEl Mortero\u201d con un valor de $3,000 pesos<\/p>\t\t\t\t\t\t\t\t<\/div>\n\t\t\t\t<\/div>\n\t\t\t\t<div class=\"elementor-element elementor-element-10703e8 elementor-widget elementor-widget-heading\" data-id=\"10703e8\" data-element_type=\"widget\" data-widget_type=\"heading.default\">\n\t\t\t\t<div class=\"elementor-widget-container\">\n\t\t\t\t\t<h2 class=\"elementor-heading-title elementor-size-default\">Completar formulario<\/h2>\t\t\t\t<\/div>\n\t\t\t\t<\/div>\n\t\t\t\t<div class=\"elementor-element elementor-element-cf43df5 elementor-button-align-stretch elementor-widget elementor-widget-form\" data-id=\"cf43df5\" data-element_type=\"widget\" data-settings=\"{&quot;step_next_label&quot;:&quot;Next&quot;,&quot;step_previous_label&quot;:&quot;Previous&quot;,&quot;button_width&quot;:&quot;100&quot;,&quot;step_type&quot;:&quot;number_text&quot;,&quot;step_icon_shape&quot;:&quot;circle&quot;}\" data-widget_type=\"form.default\">\n\t\t\t\t<div class=\"elementor-widget-container\">\n\t\t\t\t\t\t\t<form class=\"elementor-form\" method=\"post\" name=\"Sorteo Espa\u00f1ol\" aria-label=\"Sorteo Espa\u00f1ol\">\n\t\t\t<input type=\"hidden\" name=\"post_id\" value=\"17791\"\/>\n\t\t\t<input type=\"hidden\" name=\"form_id\" value=\"cf43df5\"\/>\n\t\t\t<input type=\"hidden\" name=\"referer_title\" value=\"\" \/>\n\n\t\t\t\n\t\t\t<div class=\"elementor-form-fields-wrapper elementor-labels-above\">\n\t\t\t\t\t\t\t\t<div class=\"elementor-field-type-text elementor-field-group elementor-column elementor-field-group-name elementor-col-100 elementor-field-required\">\n\t\t\t\t\t\t\t\t\t\t\t\t<label for=\"form-field-name\" class=\"elementor-field-label\">\n\t\t\t\t\t\t\t\tNombre\t\t\t\t\t\t\t<\/label>\n\t\t\t\t\t\t\t\t\t\t\t\t\t\t<input size=\"1\" type=\"text\" name=\"form_fields[name]\" id=\"form-field-name\" class=\"elementor-field elementor-size-sm  elementor-field-textual\" required=\"required\">\n\t\t\t\t\t\t\t\t\t\t\t<\/div>\n\t\t\t\t\t\t\t\t<div class=\"elementor-field-type-email elementor-field-group elementor-column elementor-field-group-email elementor-col-100 elementor-field-required\">\n\t\t\t\t\t\t\t\t\t\t\t\t<label for=\"form-field-email\" class=\"elementor-field-label\">\n\t\t\t\t\t\t\t\tCorreo\t\t\t\t\t\t\t<\/label>\n\t\t\t\t\t\t\t\t\t\t\t\t\t\t<input size=\"1\" type=\"email\" name=\"form_fields[email]\" id=\"form-field-email\" class=\"elementor-field elementor-size-sm  elementor-field-textual\" required=\"required\">\n\t\t\t\t\t\t\t\t\t\t\t<\/div>\n\t\t\t\t\t\t\t\t<div class=\"elementor-field-type-tel elementor-field-group elementor-column elementor-field-group-field_db359e1 elementor-col-100 elementor-field-required\">\n\t\t\t\t\t\t\t\t\t\t\t\t<label for=\"form-field-field_db359e1\" class=\"elementor-field-label\">\n\t\t\t\t\t\t\t\tTel\u00e9fono\t\t\t\t\t\t\t<\/label>\n\t\t\t\t\t\t\t\t<input size=\"1\" type=\"tel\" name=\"form_fields[field_db359e1]\" id=\"form-field-field_db359e1\" class=\"elementor-field elementor-size-sm  elementor-field-textual\" required=\"required\" pattern=\"[0-9()#&amp;+*-=.]+\" title=\"Solo se aceptan n\u00fameros y caracteres de tel\u00e9fono (#,-,*,etc).\">\n\n\t\t\t\t\t\t<\/div>\n\t\t\t\t\t\t\t\t<div class=\"elementor-field-type-textarea elementor-field-group elementor-column elementor-field-group-field_c6e4688 elementor-col-100\">\n\t\t\t\t\t\t\t\t\t\t\t\t<label for=\"form-field-field_c6e4688\" class=\"elementor-field-label\">\n\t\t\t\t\t\t\t\tComentario\t\t\t\t\t\t\t<\/label>\n\t\t\t\t\t\t<textarea class=\"elementor-field-textual elementor-field  elementor-size-sm\" name=\"form_fields[field_c6e4688]\" id=\"form-field-field_c6e4688\" rows=\"4\"><\/textarea>\t\t\t\t<\/div>\n\t\t\t\t\t\t\t\t<div class=\"elementor-field-group elementor-column elementor-field-type-submit elementor-col-100 e-form__buttons\">\n\t\t\t\t\t<button class=\"elementor-button elementor-size-sm\" type=\"submit\">\n\t\t\t\t\t\t<span class=\"elementor-button-content-wrapper\">\n\t\t\t\t\t\t\t\t\t\t\t\t\t\t\t\t\t\t\t\t\t\t<span class=\"elementor-button-text\">Enviar<\/span>\n\t\t\t\t\t\t\t\t\t\t\t\t\t<\/span>\n\t\t\t\t\t<\/button>\n\t\t\t\t<\/div>\n\t\t\t<\/div>\n\t\t<\/form>\n\t\t\t\t\t\t<\/div>\n\t\t\t\t<\/div>\n\t\t\t\t\t<\/div>\n\t\t<\/div>\n\t\t\t\t\t<\/div>\n\t\t<\/section>\n\t\t\t\t<\/div>\n\t\t","protected":false},"excerpt":{"rendered":"<p>BASES DEL SORTEO SEPTIEMBRE 2023 1. Participa comprando durante septiembre alguno de nuestros tratamientos de alta complejidad:a. Crio preservaci\u00f3n (congelaci\u00f3n de ovocitos) con medicamentosb. Mini \u2013<span class=\"excerpt-hellip\"> [\u2026]<\/span><\/p>\n","protected":false},"author":1,"featured_media":0,"parent":0,"menu_order":0,"comment_status":"closed","ping_status":"closed","template":"elementor_header_footer","meta":{"_joinchat":[],"footnotes":""},"_links":{"self":[{"href":"https:\/\/fertilitycentermexico.com\/es\/wp-json\/wp\/v2\/pages\/17791"}],"collection":[{"href":"https:\/\/fertilitycentermexico.com\/es\/wp-json\/wp\/v2\/pages"}],"about":[{"href":"https:\/\/fertilitycentermexico.com\/es\/wp-json\/wp\/v2\/types\/page"}],"author":[{"embeddable":true,"href":"https:\/\/fertilitycentermexico.com\/es\/wp-json\/wp\/v2\/users\/1"}],"replies":[{"embeddable":true,"href":"https:\/\/fertilitycentermexico.com\/es\/wp-json\/wp\/v2\/comments?post=17791"}],"version-history":[{"count":76,"href":"https:\/\/fertilitycentermexico.com\/es\/wp-json\/wp\/v2\/pages\/17791\/revisions"}],"predecessor-version":[{"id":18059,"href":"https:\/\/fertilitycentermexico.com\/es\/wp-json\/wp\/v2\/pages\/17791\/revisions\/18059"}],"wp:attachment":[{"href":"https:\/\/fertilitycentermexico.com\/es\/wp-json\/wp\/v2\/media?parent=17791"}],"curies":[{"name":"wp","href":"https:\/\/api.w.org\/{rel}","templated":true}]}}