{"id":2634,"date":"2019-02-28T18:12:08","date_gmt":"2019-02-28T18:12:08","guid":{"rendered":"https:\/\/fertilitycentermexico.com\/servicios\/laboratorio-de-andrologia-y-analisis-clinico\/"},"modified":"2020-11-18T13:16:10","modified_gmt":"2020-11-18T18:16:10","slug":"laboratorio-de-andrologia-y-analisis-clinico","status":"publish","type":"page","link":"https:\/\/fertilitycentermexico.com\/es\/servicios\/laboratorio-de-andrologia-y-analisis-clinico\/","title":{"rendered":"Laboratorio de androlog\u00eda y an\u00e1lisis cl\u00ednico"},"content":{"rendered":"","protected":false},"excerpt":{"rendered":"","protected":false},"author":1,"featured_media":0,"parent":2631,"menu_order":0,"comment_status":"closed","ping_status":"closed","template":"","meta":{"_joinchat":[],"footnotes":""},"_links":{"self":[{"href":"https:\/\/fertilitycentermexico.com\/es\/wp-json\/wp\/v2\/pages\/2634"}],"collection":[{"href":"https:\/\/fertilitycentermexico.com\/es\/wp-json\/wp\/v2\/pages"}],"about":[{"href":"https:\/\/fertilitycentermexico.com\/es\/wp-json\/wp\/v2\/types\/page"}],"author":[{"embeddable":true,"href":"https:\/\/fertilitycentermexico.com\/es\/wp-json\/wp\/v2\/users\/1"}],"replies":[{"embeddable":true,"href":"https:\/\/fertilitycentermexico.com\/es\/wp-json\/wp\/v2\/comments?post=2634"}],"version-history":[{"count":0,"href":"https:\/\/fertilitycentermexico.com\/es\/wp-json\/wp\/v2\/pages\/2634\/revisions"}],"up":[{"embeddable":true,"href":"https:\/\/fertilitycentermexico.com\/es\/wp-json\/wp\/v2\/pages\/2631"}],"wp:attachment":[{"href":"https:\/\/fertilitycentermexico.com\/es\/wp-json\/wp\/v2\/media?parent=2634"}],"curies":[{"name":"wp","href":"https:\/\/api.w.org\/{rel}","templated":true}]}}