{"id":2958,"date":"2019-04-05T11:28:55","date_gmt":"2019-04-05T16:28:55","guid":{"rendered":"https:\/\/fertilitycentermexico.com\/?page_id=2958"},"modified":"2021-12-12T11:18:00","modified_gmt":"2021-12-12T16:18:00","slug":"aviso-de-privacidad","status":"publish","type":"page","link":"https:\/\/fertilitycentermexico.com\/es\/aviso-de-privacidad\/","title":{"rendered":"Aviso de privacidad"},"content":{"rendered":"<p class=\"Parrafo-general\"><span class=\"parrafos\">El presente documento constituye el Aviso de Privacidad para efectos de lo dispuesto en la Ley Federal de Protecci\u00f3n de Datos Personales en Posesi\u00f3n de los Particulares vigente y las disposiciones que emanan de ella o se relacionan con la misma. Este Aviso de Privacidad aplica a la informaci\u00f3n personal recopilada sobre el Titular por Fertility Center Canc\u00fan, S.A.P.I. de C.V., en su car\u00e1cter de Responsable.<\/span><\/p>\n<p class=\"Parrafo-general\"><span class=\"parrafos\">FERTILITY CENTER CANC\u00daN S.A.P.I. DE C.V. con domicilio en Avenida Tulum, Lote 3, Manzana 1, Supermanzana 9, Planta Baja, C.P. 77500, Canc\u00fan, Quintana Roo, M\u00e9xico, es la responsable del tratamiento de sus datos personales, as\u00ed como de garantizar su privacidad y su derecho a la autodeterminaci\u00f3n informativa, por lo que, los datos personales que se obtengan ser\u00e1n tratados de manera responsable y confidencial, regulando los derechos de acceso, rectificaci\u00f3n, cancelaci\u00f3n y oposici\u00f3n del tratamiento de los mismos.<\/span><\/p>\n<p class=\"Parrafo-general\"><span class=\"parrafos\">El presente Aviso de Privacidad tiene los siguientes t\u00e9rminos y condiciones:<\/span><\/p>\n<p><span class=\"parrafos\">1. DEFINICIONES:<\/span><\/p>\n<p id=\"u24402-4\">Para los efectos de este Aviso y de acuerdo a la Ley Federal de Protecci\u00f3n de Datos Personales en Posesi\u00f3n de los Particulares se entender\u00e1 por:<\/p>\n<p id=\"u24402-8\">a) Aviso de Privacidad.- Documento f\u00edsico, electr\u00f3nico generado por el responsable que es puesto a disposici\u00f3n del titular, previo al tratamiento de sus datos personales.<\/p>\n<p id=\"u24402-14\">b) Datos Personales.- Cualquier informaci\u00f3n concerniente a una persona f\u00edsica identificada o identificable.<\/p>\n<p id=\"u24402-18\">c) Datos Personales Sensibles.- Aquellos datos personales que afecten a la esfera m\u00e1s \u00edntima de su titular o cuya utilizaci\u00f3n indebida pueda dar origen a discriminaci\u00f3n o conlleve un riesgo grave para este.<\/p>\n<p id=\"u24402-24\">d) Derechos ARCO.- Significa los derechos de Acceso, Rectificaci\u00f3n, Cancelaci\u00f3n y, Oposici\u00f3n que de conformidad con lo establecido por la Ley Federal de Protecci\u00f3n de Datos Personales en Posesi\u00f3n de Los Particulares y sujeto a las excepciones establecidas en la misma y en este Aviso de Privacidad, cada Titular tiene, en relaci\u00f3n con los Datos Personales recabados por el Responsable y\/o sus Encargados, y que se describen a continuaci\u00f3n:<\/p>\n<p id=\"u24402-36\">i. Derecho de Acceso.- Es el derecho que tiene el Titular a conocer sobre los Datos Personales relacionados a su persona que obren en poder del Responsable de que se trate o de sus Encargados, asimismo a qui\u00e9n le han sido compartidos y con qu\u00e9 finalidad.<\/p>\n<p id=\"u24402-44\">ii. Derecho a la Rectificaci\u00f3n.- Cada Titular tiene derecho a que sus Datos Personales sean rectificados cuando \u00e9stos sean inexactos o incompletos.<\/p>\n<p id=\"u24402-48\">iii. Derecho de Cancelaci\u00f3n.- Cada Titular tiene derecho a solicitar en cualquier momento que se supriman sus Datos Personales, lo cual suceder\u00e1 una vez que transcurra el periodo de bloqueo. El bloqueo implica la identificaci\u00f3n y conservaci\u00f3n de los Datos Personales, una vez que se cumpla la finalidad para la cual fueron recabados, y tiene como prop\u00f3sito determinar las posibles responsabilidades en relaci\u00f3n con su tratamiento, hasta el plazo de prescripci\u00f3n legal o contractual de \u00e9stas. Durante dicho periodo, sus Datos Personales no ser\u00e1n objeto de tratamiento y transcurrido \u00e9ste, se proceder\u00e1 con su cancelaci\u00f3n en la base de datos o archivo correspondiente. Una vez cancelado el dato correspondiente, el Responsable le dar\u00e1 al Titular el aviso correspondiente. En caso de que los Datos Personales hubiesen sido transmitidos con anterioridad a la fecha de rectificaci\u00f3n o cancelaci\u00f3n y sigan siendo tratados por terceros, el Responsable har\u00e1 del conocimiento del tercero de que se trate, dicha solicitud de rectificaci\u00f3n o cancelaci\u00f3n, para que proceda a efectuarla tambi\u00e9n.<\/p>\n<p id=\"u24402-78\">iv. Derecho de Oposici\u00f3n.- El Titular tiene en todo momento el derecho a solicitar, siempre que tenga una causa leg\u00edtima, que el Responsable deje de tratar sus Datos Personales.<\/p>\n<p id=\"u24402-84\">e) Responsable.- Significa la persona f\u00edsica o moral que decide sobre el tratamiento de los Datos Personales del Titular, en este caso FERTILITY CENTER CANCUN, S.A.P.I. DE C.V.<\/p>\n<p id=\"u24402-90\">f) Encargado.- Significa la persona f\u00edsica o jur\u00eddica que sola o conjuntamente con otras trate Datos Personales por cuenta del Responsable.<\/p>\n<p id=\"u24402-94\">g) Titular.- La persona f\u00edsica a quien pertenecen los datos personales.<\/p>\n<p id=\"u24402-98\">2. CONSENTIMIENTO DEL TITULAR.<\/p>\n<p id=\"u24402-101\">Se entender\u00e1 que el Titular consciente t\u00e1citamente el tratamiento de sus datos cuando habi\u00e9ndose puesto a su disposici\u00f3n el aviso de privacidad, no manifieste su oposici\u00f3n. Para efectos de lo dispuesto por el art\u00edculo 17 de la Ley Federal de Protecci\u00f3n de Datos Personales en Posesi\u00f3n de Los Particulares, el Titular manifiesta que:<\/p>\n<p id=\"u24402-111\">i. El presente Aviso de Privacidad le ha sido dado a conocer por el Responsable.<\/p>\n<p id=\"u24402-115\">ii. Haber le\u00eddo, entendido y acordado los t\u00e9rminos expuestos en este Aviso de Privacidad, por lo que otorga su consentimiento respecto del tratamiento de sus Datos Personales para efectos de la Ley Federal de Protecci\u00f3n de Datos Personales en Posesi\u00f3n de Los Particulares y dem\u00e1s legislaci\u00f3n aplicable.<\/p>\n<p id=\"u24402-123\">En caso de que los Datos Personales recopilados incluyan Datos Personales sensibles o financieros, sea en formato impreso, o utilizando medios electr\u00f3nicos y sus correspondientes procesos para la formaci\u00f3n del consentimiento, por ejemplo, a t\u00edtulo enunciativo mas no limitativo, el suministro de Datos Personales a trav\u00e9s de las ventanas de di\u00e1logo, o la visualizaci\u00f3n y recorrido en pantalla de t\u00e9rminos y condiciones, actos que constituyen el consentimiento expreso del titular en t\u00e9rminos del segundo p\u00e1rrafo del art\u00edculo 8 de la Ley Federal de Protecci\u00f3n de Datos Personales en Posesi\u00f3n de Los Particulares y dem\u00e1s legislaci\u00f3n aplicable.<\/p>\n<p id=\"u24402-141\">iii. Otorga su consentimiento para que FERTILITY CENTER CANC\u00daN, S.A.P.I. DE C.V., o sus Encargados realicen transferencias de Datos Personales a terceros nacionales o extranjeros, en el entendido de que el tratamiento que dichos terceros den a sus Datos Personales deber\u00e1 ajustarse a lo establecido en este Aviso de Privacidad.<\/p>\n<p id=\"u24402-151\">En caso de que el Titular no se oponga a los t\u00e9rminos del presente Aviso de Privacidad dentro las siguientes 48 horas en que fue puesto a su disposici\u00f3n, se considerar\u00e1 acordado y consentido su contenido, en t\u00e9rminos del tercer p\u00e1rrafo del art\u00edculo 8 de la Ley Federal de Protecci\u00f3n de Datos Personales en Posesi\u00f3n de Los Particulares. El consentimiento del Titular podr\u00e1 ser revocado en cualquier momento por \u00e9ste sin que se le atribuyan efectos retroactivos, en los t\u00e9rminos y conforme a los procedimientos establecidos m\u00e1s adelante para ello conforme a este Aviso de Privacidad.<\/p>\n<p id=\"u24402-168\">No obstante cualquier disposici\u00f3n de este Aviso de Privacidad, el Titular reconoce que no se requerir\u00e1 de su consentimiento para el tratamiento de Datos Personales por parte del Responsable o de terceros en cualquiera de los casos se\u00f1alados en el Art\u00edculo 10 de la Ley Federal de Protecci\u00f3n de Datos Personales en Posesi\u00f3n de Los Particulares.<\/p>\n<p id=\"u24402-179\">3. OBJETO DEL AVISO DE PRIVACIDAD; FINALIDAD DE LOS DATOS PERSONALES.<\/p>\n<p id=\"u24402-184\">El presente Aviso de Privacidad tiene por objeto establecer los t\u00e9rminos y condiciones en virtud de las cuales FERTILITY CENTER CANCUN, S.A.P.I. DE C.V., o el Encargado que designe FERTILITY CENTER CANCUN, S.A.P.I. DE C.V, ya sea desde su p\u00e1gina de internet http:\/\/www.fertilitycentercancun.com.mx o dentro de las instalaciones de FERTILITY CENTER CANCUN S.A.P.I, recibir\u00e1 y proteger\u00e1 los Datos Personales del Titular, a efecto de proteger su privacidad y su derecho a la autodeterminaci\u00f3n informativa, en cumplimiento de lo dispuesto en la Ley Federal de Protecci\u00f3n de Datos Personales en Posesi\u00f3n de Los Particulares; (ii) utilizar\u00e1 los Datos Personales del Titular, y (iii) realizar\u00e1 en su caso las transferencias de Datos Personales a terceros.<\/p>\n<p id=\"u24402-205\">Son de manera enunciativa m\u00e1s no limitativa los siguientes:<\/p>\n<p id=\"u24402-208\">1. Datos de identificaci\u00f3n del Titular.<\/p>\n<p id=\"u24402-211\">i. Nombre completo, edad, lugar de nacimiento, fecha de nacimiento, estado civil, sexo, ciudad, pa\u00eds de residencia, ocupaci\u00f3n, n\u00fameros telef\u00f3nicos, CURP, RFC, correo electr\u00f3nico, en caso de extranjeros Forma Migratoria (Residencia Temporal o Permanente), la cartilla de identidad del servicio militar nacional liberada, entre otros.<\/p>\n<p id=\"u24402-222\">ii. El comprobante de domicilio: boleta de pago de derechos de agua, boleta de pago del impuesto predial, o boleta de pago del servicio de suministro de electricidad; el informe especial de cr\u00e9dito emitido por una Sociedad de Informaci\u00f3n Crediticia. Para el caso de postulantes a empleados podr\u00eda tambi\u00e9n solicitarse el acta de nacimiento; comprobantes de estudios; el estado de cuenta de la Administradora de Fondos para el retiro (Afore); la hoja de retenci\u00f3n de impuestos, o de estudios m\u00e9dicos, as\u00ed como de los estudios psicom\u00e9trico y socio econ\u00f3mico efectuados por FERTILITY CENTER CANCUN, S.A.P.I. DE C.V. Tambi\u00e9n le podr\u00edan ser solicitados los Datos Personales de sus familiares, dependientes o beneficiarios, tales como nombre y apellidos, fecha de nacimiento, domicilio y n\u00famero telef\u00f3nico y la documentaci\u00f3n comprobatoria conducente, como acta de nacimiento y\/o acta de matrimonio.<\/p>\n<p id=\"u24402-251\">iii. La p\u00e1gina de internet http:\/\/www.fertilitycentercancun.com.mx hace uso del correcto funcionamiento de los sitios de FERTILITY CENTER CANC\u00daN, S.A.P.I. DE C.V. y el de sus proveedores requieren de la habilitaci\u00f3n de \u201ccookies\u201d en su navegador de Internet. Las \u00abcookies\u00bb son peque\u00f1os archivos de datos transferidos por el sitio Web al disco duro de su computadora cuando navega por el sitio. Las cookies pueden ser de sesi\u00f3n o permanentes. Las cookies de sesi\u00f3n no se quedan en su computadora despu\u00e9s de que usted cierra la sesi\u00f3n de su navegador, mientras que las cookies permanentes se quedan en las computadoras hasta que son eliminados o caducan.<\/p>\n<p id=\"u24402-271\">En la mayor\u00eda de los navegadores las cookies se aceptan autom\u00e1ticamente en virtud de su configuraci\u00f3n predeterminada, usted puede ajustar las preferencias de su navegador para aceptar o rechazar las cookies. La desactivaci\u00f3n de las cookies puede inhabilitar diversas funciones de los sitios web de FERTILITY CENTER<\/p>\n<p id=\"u24402-281\">CANC\u00daN, S.A.P.I. DE C.V. o que no se muestren correctamente. En caso de que usted prefiera eliminar la informaci\u00f3n de las cookies enviadas por FERTILITY CENTER CANC\u00daN, S.A.P.I. DE C.V., usted puede eliminar el archivo(s) al final de cada sesi\u00f3n del explorador. Informaci\u00f3n relevante puede ser consultada en los sitios de los principales navegadores de Internet.<\/p>\n<p id=\"u24402-293\">iv. Uso de Web beacons (tambi\u00e9n conocidos como etiquetas de Internet, etiquetas de p\u00edxel y clear GIFs).- FERTILITY CENTER CANC\u00daN, S.A.P.I. DE C.V. puede utilizar en sus sitios web y en sus correos electr\u00f3nicos con formato HTML los Web beacons, solos o en combinaci\u00f3n con las cookies, para recopilar informaci\u00f3n sobre el uso de los sitios web y su interacci\u00f3n con el correo electr\u00f3nico. El Web beacon es una imagen electr\u00f3nica, llamada de un solo p\u00edxel (1&#215;1) o GIF que puede reconocer informaci\u00f3n que es procesada en su computadora, como el caso de las cookies, la hora y fecha en que el sitio y sus secciones son visualizados. V\u00ednculos en los correos electr\u00f3nicos de FERTILITY CENTER CANC\u00daN, S.A.P.I. DE C.V. Los correos electr\u00f3nicos que incluyen v\u00ednculos permiten a FERTILITY CENTER CANC\u00daN, S.A.P.I. DE C.V. saber si usted activ\u00f3 dicho v\u00ednculo y visit\u00f3 la p\u00e1gina web de destino, pudiendo esta informaci\u00f3n ser incluida en su perfil.<\/p>\n<p id=\"u24402-325\">v. Los Datos Personales que FERTILITY CENTER CANC\u00daN, S.A.P.I. DE C.V. obtiene de sus fuentes comerciales pueden utilizarse junto con los Datos Personales que recolecta a trav\u00e9s de sus sitios web. El Responsable tambi\u00e9n puede recolectar Datos Personales de fuentes de acceso p\u00fablico y de otras fuentes disponibles en el mercado a las que el Titular pudo haber dado su consentimiento para compartir su informaci\u00f3n personal con el fin de llevar a cabo los siguientes servicios:<\/p>\n<p id=\"u24402-339\">i. Prestaci\u00f3n de servicios m\u00e9dico-hospitalarios, incluyendo sin limitar hospitalizaci\u00f3n, cirug\u00eda, estudios diagn\u00f3sticos, atenci\u00f3n de enfermer\u00eda, servicios farmac\u00e9uticos, servicios de banco de sangre, hemodi\u00e1lisis, tratamientos oncol\u00f3gicos, an\u00e1lisis de laboratorio, radiolog\u00eda e imagen, estudios y an\u00e1lisis patol\u00f3gicos, terapia, rehabilitaci\u00f3n, dieta y nutrici\u00f3n y dem\u00e1s fines relacionados con servicios de salud.<\/p>\n<p id=\"u24402-354\">ii. Creaci\u00f3n, estudio, an\u00e1lisis, actualizaci\u00f3n, y conservaci\u00f3n del expediente cl\u00ednico.<\/p>\n<p id=\"u24402-359\">iii. Facturaci\u00f3n y cobranza por servicios.<\/p>\n<p id=\"u24402-362\">iv. Estudios, registros, estad\u00edsticas y an\u00e1lisis de informaci\u00f3n de salud.<\/p>\n<p id=\"u24402-365\">v. Conservaci\u00f3n de registros para seguimiento a servicios, prestaci\u00f3n de servicios en el futuro y en general para dar seguimiento a cualquier relaci\u00f3n contractual.<\/p>\n<p id=\"u24402-372\">vi. An\u00e1lisis estad\u00edsticos y de mercado.<\/p>\n<p id=\"u24402-375\">2. Datos personales sensibles del Titular:<\/p>\n<p id=\"u24402-378\">i. Recopilaci\u00f3n de su historia cl\u00ednica, resultados de estudios de laboratorio, diagn\u00f3sticos o problemas cl\u00ednicos, antecedentes hereditarios familiares, antecedentes personales patol\u00f3gicos, alergias, restricciones, donador de gametos, datos de contacto para casos de emergencia, certificados emitidos por m\u00e9dicos o instituciones m\u00e9dicas y\/o de salud, que en lo sucesivo se denominar\u00e1n \u201cDatos personales sensibles.<\/p>\n<p id=\"u24402-393\">FERTILITY CENTER CANCUN, S.A.P.I. DE C.V. a trav\u00e9s de su p\u00e1gina de internet no recaba, ni trata \u201cDatos Personales Sensibles\u201d.<\/p>\n<p id=\"u24402-400\">3. Caracter\u00edsticas f\u00edsicas del Titular:<\/p>\n<p id=\"u24402-403\">i. Las videograbaciones y\/o fotograf\u00edas que se obtienen a trav\u00e9s de las videograbaciones de nuestro sistema de c\u00e1maras interno al accesar a<\/p>\n<p id=\"u24402-407\">nuestras instalaciones, color de piel, de ojos, de cabello, cicatrices o se\u00f1as particulares que entran en \u201cDatos Personales\u201d.<\/p>\n<p id=\"u24402-412\">4. Datos financieros del Titular:<\/p>\n<p id=\"u24402-415\">i. Nombre del titular de una cuenta, entidad financiera, n\u00famero de tarjeta, n\u00famero de seguridad, fecha de vencimiento, todas estas contenidas en las tarjetas de cr\u00e9dito y\/o d\u00e9bito bancarios.<\/p>\n<p id=\"u24402-421\">FERTILITY CENTER CANC\u00daN, S.A.P.I. DE C.V., requiere compartir sus Datos Personales con proveedores de servicios de administraci\u00f3n y gesti\u00f3n de bases de datos; tratamiento automatizado de Datos Personales y su almacenamiento; autenticaci\u00f3n y validaci\u00f3n de correos electr\u00f3nicos; contrataci\u00f3n de personal; servicios de auditor\u00eda, y otros servicios de naturaleza an\u00e1loga a las descritas.<\/p>\n<p id=\"u24402-432\">4. TRANSFERENCIA DE DATOS.<\/p>\n<p id=\"u24402-435\">Una vez le\u00eddo, entendido y acordado los t\u00e9rminos expuestos en este Aviso de Privacidad, el Titular manifiesta su consentimiento para que el Responsable o cualquier Encargado realicen transferencias de Datos Personales a terceros nacionales o extranjeros, en el entendido de que el tratamiento que dichos terceros den a los Datos Personales del Titular deber\u00e1 ajustarse a lo establecido en este Aviso de Privacidad.<\/p>\n<p id=\"u24402-447\">El Titular reconoce y acepta que el Responsable no requiere de autorizaci\u00f3n ni confirmaci\u00f3n de dicho Titular para realizar transferencias de Datos Personales nacionales o internacionales en los casos previstos en el Art\u00edculo 37 de la Ley Federal de Protecci\u00f3n de Datos Personales en Posesi\u00f3n de Los Particulares o en cualquier otro caso de excepci\u00f3n previsto por la misma o la dem\u00e1s legislaci\u00f3n aplicable.<\/p>\n<p id=\"u24402-460\">5. RESGUARDO Y SEGURIDAD DE LOS DATOS PERSONALES.<\/p>\n<p id=\"u24402-462\">El Responsable y\/o sus Encargados conservar\u00e1n los Datos Personales del Titular durante el tiempo que sea necesario para procesar sus solicitudes de informaci\u00f3n, productos y\/o servicios, as\u00ed como para mantener los registros contables, financieros y de auditoria en t\u00e9rminos de la Ley Federal de Protecci\u00f3n de Datos Personales en Posesi\u00f3n de Los Particulares y de la legislaci\u00f3n mercantil, fiscal y administrativa vigente. Los Datos Personales del Titular recolectados por el Responsable y\/o sus Encargados se encontrar\u00e1n protegidos por medidas de seguridad administrativas, t\u00e9cnicas y f\u00edsicas adecuadas contra el da\u00f1o, p\u00e9rdida, alteraci\u00f3n, destrucci\u00f3n o uso, acceso o tratamiento no autorizados, de conformidad con lo dispuesto en la Ley Federal de Protecci\u00f3n de Datos Personales en Posesi\u00f3n de Los Particulares y de la regulaci\u00f3n administrativa derivada de la misma. No obstante lo se\u00f1alado anteriormente, FERTILITY CENTER CANC\u00daN, S.A.P.I. DE C.V. no garantiza que terceros no autorizados no puedan tener acceso a los sistemas f\u00edsicos o l\u00f3gicos de los Titulares o del Responsable o en los documentos electr\u00f3nicos y ficheros almacenados en sus sistemas. En consecuencia FERTILITY CENTER CANC\u00daN, S.A.P.I. DE C.V., no ser\u00e1 en ning\u00fan caso responsable de los da\u00f1os y perjuicios que pudieran derivarse de dicho acceso no autorizado.<\/p>\n<p id=\"u24402-496\">FERTILITY CENTER CANC\u00daN, S.A.P.I. DE C.V , podr\u00e1 revelar sus Datos Personales, para cumplir con las disposiciones legales aplicables o por requerimiento de la autoridad competente, as\u00ed como para llevar a cabo las finalidades para los que han sido recabados, por lo que podr\u00e1 hacer las transferencias nacionales o internacionales de datos, as\u00ed como tambi\u00e9n podr\u00e1 realizar transferencias de datos a entidades proveedoras de servicios para el cumplimiento de los fines establecidos, salvo los Datos Personales Sensibles que requieren su autorizaci\u00f3n expresa para ser revelados conforme a lo establecido por la Ley Federal de Protecci\u00f3n de Datos Personales en Posesi\u00f3n de Particulares.<\/p>\n<p id=\"u24402-515\">6. PROCEDIMIENTO PARA EJERCER LOS DERECHOS ARCO.<\/p>\n<p id=\"u24402-517\">Para ejercer los Derechos ARCO, el Titular o su representante debe presentar una solicitud por escrito de acceso, rectificaci\u00f3n, cancelaci\u00f3n u oposici\u00f3n con la informaci\u00f3n y documentaci\u00f3n siguiente:<\/p>\n<p id=\"u24402-524\">i. Nombre del Titular y domicilio u otro medio para comunicarle la respuesta a su solicitud.<\/p>\n<p id=\"u24402-529\">ii. Los documentos que acrediten su identidad (copia simple en formato impreso o electr\u00f3nico de su credencial de elector, pasaporte o Residencia temporal o permanente) o, en su caso, la representaci\u00f3n legal del Titular (copia simple en formato impreso o electr\u00f3nico de la carta poder simple con firma aut\u00f3grafa del Titular, el mandatario y sus correspondientes identificaciones oficiales (credencial de elector, pasaporte, Residencia temporal o permanente).<\/p>\n<p id=\"u24402-543\">iii. La descripci\u00f3n clara y precisa de los Datos Personales respecto de los que busca ejercer alguno de los Derechos ARCO.<\/p>\n<p id=\"u24402-547\">iv. Cualquier otro elemento o documento que facilite la localizaci\u00f3n de los Datos Personales del Titular.<\/p>\n<p id=\"u24402-552\">En el caso de las solicitudes de rectificaci\u00f3n de Datos Personales, el Titular respectivo deber\u00e1 tambi\u00e9n indicar las modificaciones a realizarse y aportar la documentaci\u00f3n que sustente su petici\u00f3n. Para la recepci\u00f3n, registro y atenci\u00f3n de las solicitudes para ejercer su derecho de acceso, rectificaci\u00f3n, cancelaci\u00f3n y oposici\u00f3n a sus Datos Personales, as\u00ed como para limitar el uso o divulgaci\u00f3n de sus datos, y los dem\u00e1s derechos previstos en la Ley Federal de Protecci\u00f3n de Datos Personales en Posesi\u00f3n de Los Particulares contactar a:<\/p>\n<p id=\"u24402-570\">Direcci\u00f3n de correo electr\u00f3nico: direccion@fcc.com.mx<\/p>\n<p id=\"u24402-572\">El Responsable o sus Encargados le responder\u00e1n al Titular respectivo en un plazo m\u00e1ximo de veinte d\u00edas h\u00e1biles, contados desde la fecha en que se recibi\u00f3 la solicitud de acceso, rectificaci\u00f3n, cancelaci\u00f3n u oposici\u00f3n, la determinaci\u00f3n adoptada, a efecto de que, si resulta procedente, se haga efectiva la misma dentro de los quince d\u00edas siguientes a la fecha en que se le comunica la respuesta al Titular. Trat\u00e1ndose de solicitudes de acceso a Datos Personales, el Responsable o sus Encargados proceder\u00e1n con su entrega previa acreditaci\u00f3n de la identidad del solicitante o de su representante legal, seg\u00fan corresponda. Los plazos antes referidos podr\u00e1n ser ampliados s\u00f3lo en t\u00e9rminos de la Ley Federal de Protecci\u00f3n de Datos Personales en Posesi\u00f3n de Los Particulares de conformidad con el art\u00edculo 32 de la ley antes mencionada.<\/p>\n<p id=\"u24402-595\">La entrega de los Datos Personales ser\u00e1 gratuita, solamente le corresponder\u00e1 cubrir los gastos justificados de env\u00edo o el costo de reproducci\u00f3n en copias u otros<\/p>\n<p id=\"u24402-599\">formatos. Para efectos de las solicitudes de cancelaci\u00f3n de Datos Personales, adem\u00e1s de lo dispuesto por el presente Aviso de Privacidad, se estar\u00e1 a lo dispuesto en el Art\u00edculo 26 de la Ley Federal de Protecci\u00f3n de Datos Personales en Posesi\u00f3n de Los Particulares, incluyendo los casos de excepci\u00f3n de cancelaci\u00f3n de Datos Personales se\u00f1alados.<\/p>\n<p id=\"u24402-614\">7. CAMBIOS AL AVISO DE PRIVACIDAD.<\/p>\n<p id=\"u24402-617\">FERTILITY CENTER CANC\u00daN, S.A.P.I. DE C.V., se reserva el derecho de actualizar peri\u00f3dicamente el presente Aviso para reflejar los cambios de nuestras pr\u00e1cticas de informaci\u00f3n. Es responsabilidad del Titular revisar peri\u00f3dicamente el contenido del Aviso de Privacidad en el sitio www.fcc.com.mx. El Responsable, entender\u00e1 que de no expresar lo contrario, significa que el Titular ha le\u00eddo, entendido y acordado los t\u00e9rminos expuestos, lo que constituye su consentimiento a los cambios establecidos en dichas actualizaciones respecto al tratamiento de sus Datos Personales para efectos de la Ley Federal de Protecci\u00f3n de Datos Personales <span class=\"parrafos\">en Posesi\u00f3n de Los Particulares y dem\u00e1s legislaciones aplicables.<\/span><\/p>\n","protected":false},"excerpt":{"rendered":"<p>El presente documento constituye el Aviso de Privacidad para efectos de lo dispuesto en la Ley Federal de Protecci\u00f3n de Datos Personales en Posesi\u00f3n de los<span class=\"excerpt-hellip\"> [\u2026]<\/span><\/p>\n","protected":false},"author":1,"featured_media":0,"parent":0,"menu_order":0,"comment_status":"closed","ping_status":"closed","template":"","meta":{"_joinchat":[],"footnotes":""},"_links":{"self":[{"href":"https:\/\/fertilitycentermexico.com\/es\/wp-json\/wp\/v2\/pages\/2958"}],"collection":[{"href":"https:\/\/fertilitycentermexico.com\/es\/wp-json\/wp\/v2\/pages"}],"about":[{"href":"https:\/\/fertilitycentermexico.com\/es\/wp-json\/wp\/v2\/types\/page"}],"author":[{"embeddable":true,"href":"https:\/\/fertilitycentermexico.com\/es\/wp-json\/wp\/v2\/users\/1"}],"replies":[{"embeddable":true,"href":"https:\/\/fertilitycentermexico.com\/es\/wp-json\/wp\/v2\/comments?post=2958"}],"version-history":[{"count":0,"href":"https:\/\/fertilitycentermexico.com\/es\/wp-json\/wp\/v2\/pages\/2958\/revisions"}],"wp:attachment":[{"href":"https:\/\/fertilitycentermexico.com\/es\/wp-json\/wp\/v2\/media?parent=2958"}],"curies":[{"name":"wp","href":"https:\/\/api.w.org\/{rel}","templated":true}]}}